{"id":942,"date":"2025-11-15T12:20:29","date_gmt":"2025-11-15T12:20:29","guid":{"rendered":"https:\/\/csendestranszfer.hu\/?page_id=942"},"modified":"2025-11-20T16:14:04","modified_gmt":"2025-11-20T16:14:04","slug":"etlap","status":"publish","type":"page","link":"https:\/\/themagic.hu\/en\/etlap\/","title":{"rendered":"Menu"},"content":{"rendered":"<div data-elementor-type=\"wp-page\" data-elementor-id=\"942\" class=\"elementor elementor-942\">\n\t\t\t\t<div class=\"elementor-element elementor-element-893b1d1 e-flex e-con-boxed e-con e-parent\" data-id=\"893b1d1\" data-element_type=\"container\" data-e-type=\"container\" data-settings=\"{&quot;background_background&quot;:&quot;classic&quot;}\">\n\t\t\t\t\t<div class=\"e-con-inner\">\n\t\t<div class=\"elementor-element elementor-element-252885b e-con-full e-flex e-con e-child\" data-id=\"252885b\" data-element_type=\"container\" data-e-type=\"container\">\n\t\t\t\t<div class=\"elementor-element elementor-element-e4561e9 elementor-widget elementor-widget-heading\" data-id=\"e4561e9\" data-element_type=\"widget\" data-e-type=\"widget\" data-widget_type=\"heading.default\">\n\t\t\t\t<div class=\"elementor-widget-container\">\n\t\t\t\t\t<h1 class=\"elementor-heading-title elementor-size-default\">Menu<\/h1>\t\t\t\t<\/div>\n\t\t\t\t<\/div>\n\t\t\t\t<\/div>\n\t\t\t\t\t<\/div>\n\t\t\t\t<\/div>\n\t\t<div class=\"elementor-element elementor-element-3220728 e-flex e-con-boxed e-con e-parent\" data-id=\"3220728\" data-element_type=\"container\" data-e-type=\"container\">\n\t\t\t\t\t<div class=\"e-con-inner\">\n\t\t\t\t<div class=\"elementor-element elementor-element-829d1d3 elementor-widget elementor-widget-rtfm-food-grid-by-cat\" data-id=\"829d1d3\" data-element_type=\"widget\" data-e-type=\"widget\" data-widget_type=\"rtfm-food-grid-by-cat.default\">\n\t\t\t\t<div class=\"elementor-widget-container\">\n\t\t\t\t\t<div class='fmp-image-top fmp-container-fluid fmp-wrapper' id='fmp-container-layout1'><div class='fmp-grid-by-cat-free fmp-elementor-layout fmp-row fmp-content-loader fmp-layout1 fmp-even'><div class='fmp-grids-wrapper fmp-innner-sections'><div class='fmp-category-title-wrapper type-1' ><h2 class='fmp-category-title'><span>Hunger pangs after waking up<\/span><\/h2><\/div><div class=\"fmp-col-xs-12 fmp-grids-wrapper fmp-product-inner\"><div class=\"fmp-row\"><div class=\"fmp-col-md-6  fmp-col-sm-6 fmp-col-xs-12 fmp-icon-enable   fmp-grid-item fmp-ready-animation fmp-item-142\">\r\n\t<div class='fmp-food-item food-menu'>\r\n\t\t<div class=\"fmp-image-wrap\"><a data-id=\"1171\" class=\"fmp-link\" href=\"https:\/\/themagic.hu\/en\/food-menu\/1-elvarazsolt-kotkoda\/\" target=\"\"><img fetchpriority=\"high\" decoding=\"async\" width=\"800\" height=\"700\" src=\"https:\/\/themagic.hu\/wp-content\/uploads\/2025\/11\/Elvarazsolt-kotkoda.jpg\" class=\"fmp-feature-img\" alt=\"elvarazsolt kotkoda\" \/><i class=\"fmp-image-icon\"><\/i><\/a><\/div><div class=\"fmp-content-wrap\"><div class=\"fmp-title\"><h3><a data-id=\"1171\" class=\"fmp-link\" href=\"https:\/\/themagic.hu\/en\/food-menu\/1-elvarazsolt-kotkoda\/\" target=\"\" title=\"Enchanted Kotkoda\">Enchanted Kotkoda<\/a><\/h3><span class=\"price\">Ft3490<\/span><\/div><div class=\"fmp-body\"><p>Omelette 3 eggs, ham, cheese, bacon, onion, mini buci (Allergens: cereals, dairy, eggs)<\/p><\/div><\/div>\t<\/div>\r\n\r\n<\/div>\r\n\r\n<\/div><\/div><div class='fmp-category-title-wrapper type-1' ><h2 class='fmp-category-title'><span>Soups<\/span><\/h2><\/div><div class=\"fmp-col-xs-12 fmp-grids-wrapper fmp-product-inner\"><div class=\"fmp-row\"><div class=\"fmp-col-md-6  fmp-col-sm-6 fmp-col-xs-12 fmp-icon-enable   fmp-grid-item fmp-ready-animation fmp-item-142\">\r\n\t<div class='fmp-food-item food-menu'>\r\n\t\t<div class=\"fmp-image-wrap\"><a data-id=\"1190\" class=\"fmp-link\" href=\"https:\/\/themagic.hu\/en\/food-menu\/16-hires-magyar-varazsle\/\" target=\"\"><img decoding=\"async\" width=\"800\" height=\"700\" src=\"https:\/\/themagic.hu\/wp-content\/uploads\/2025\/11\/Hires-magyar-varazsle.jpg\" class=\"fmp-feature-img\" alt=\"hires magyar varazsle\" \/><i class=\"fmp-image-icon\"><\/i><\/a><\/div><div class=\"fmp-content-wrap\"><div class=\"fmp-title\"><h3><a data-id=\"1190\" class=\"fmp-link\" href=\"https:\/\/themagic.hu\/en\/food-menu\/16-hires-magyar-varazsle\/\" target=\"\" title=\"16. Famous Hungarian Magic Juice\">16. Famous Hungarian Magic Juice<\/a><\/h3><span class=\"price\">0<\/span><\/div><div class=\"fmp-body\"><p>Goulash soup with beef and fresh bread (Allergens: cereals, eggs, soybeans, celery, lupin)<\/p><\/div><\/div>\t<\/div>\r\n\r\n<\/div>\r\n\r\n<\/div><\/div><\/div><\/div><\/div>\t\t\t\t<\/div>\n\t\t\t\t<\/div>\n\t\t\t\t\t<\/div>\n\t\t\t\t<\/div>\n\t\t\t\t<\/div>","protected":false},"excerpt":{"rendered":"<p>Menu After Waking Hunger Drinkers 1. Enchanted Cucumber Ft3490.00 Omelette with 3 eggs, ham, cheese, bacon, onion, mini buci (Allergens: cereals, dairy, eggs) Soups 16. Famous Hungarian Magic Juice Ft0.00 Goulash soup with beef and fresh bread (Allergens: cereals, eggs, soybeans, celery, lupin)<\/p>","protected":false},"author":1,"featured_media":0,"parent":0,"menu_order":0,"comment_status":"closed","ping_status":"closed","template":"","meta":{"site-sidebar-layout":"no-sidebar","site-content-layout":"page-builder","ast-site-content-layout":"full-width-container","site-content-style":"unboxed","site-sidebar-style":"unboxed","ast-global-header-display":"","ast-banner-title-visibility":"","ast-main-header-display":"","ast-hfb-above-header-display":"","ast-hfb-below-header-display":"","ast-hfb-mobile-header-display":"","site-post-title":"disabled","ast-breadcrumbs-content":"disabled","ast-featured-img":"disabled","footer-sml-layout":"","ast-disable-related-posts":"","theme-transparent-header-meta":"enabled","adv-header-id-meta":"","stick-header-meta":"","header-above-stick-meta":"","header-main-stick-meta":"","header-below-stick-meta":"","astra-migrate-meta-layouts":"set","ast-page-background-enabled":"default","ast-page-background-meta":{"desktop":{"background-color":"","background-image":"","background-repeat":"repeat","background-position":"center center","background-size":"auto","background-attachment":"scroll","background-type":"","background-media":"","overlay-type":"","overlay-color":"","overlay-opacity":"","overlay-gradient":""},"tablet":{"background-color":"","background-image":"","background-repeat":"repeat","background-position":"center center","background-size":"auto","background-attachment":"scroll","background-type":"","background-media":"","overlay-type":"","overlay-color":"","overlay-opacity":"","overlay-gradient":""},"mobile":{"background-color":"","background-image":"","background-repeat":"repeat","background-position":"center center","background-size":"auto","background-attachment":"scroll","background-type":"","background-media":"","overlay-type":"","overlay-color":"","overlay-opacity":"","overlay-gradient":""}},"ast-content-background-meta":{"desktop":{"background-color":"var(--ast-global-color-5)","background-image":"","background-repeat":"repeat","background-position":"center center","background-size":"auto","background-attachment":"scroll","background-type":"","background-media":"","overlay-type":"","overlay-color":"","overlay-opacity":"","overlay-gradient":""},"tablet":{"background-color":"var(--ast-global-color-5)","background-image":"","background-repeat":"repeat","background-position":"center center","background-size":"auto","background-attachment":"scroll","background-type":"","background-media":"","overlay-type":"","overlay-color":"","overlay-opacity":"","overlay-gradient":""},"mobile":{"background-color":"var(--ast-global-color-5)","background-image":"","background-repeat":"repeat","background-position":"center center","background-size":"auto","background-attachment":"scroll","background-type":"","background-media":"","overlay-type":"","overlay-color":"","overlay-opacity":"","overlay-gradient":""}},"footnotes":""},"class_list":["post-942","page","type-page","status-publish","hentry"],"yoast_head":"<!-- This site is optimized with the Yoast SEO plugin v27.2 - https:\/\/yoast.com\/product\/yoast-seo-wordpress\/ -->\n<title>\u00c9tlap - Themagic<\/title>\n<meta name=\"robots\" content=\"index, follow, max-snippet:-1, max-image-preview:large, max-video-preview:-1\" \/>\n<link rel=\"canonical\" href=\"https:\/\/themagic.hu\/en\/etlap\/\" \/>\n<meta property=\"og:locale\" content=\"en_GB\" \/>\n<meta property=\"og:type\" content=\"article\" \/>\n<meta property=\"og:title\" content=\"\u00c9tlap - Themagic\" \/>\n<meta property=\"og:description\" content=\"\u00c9tlap \u00c9bred\u00e9s ut\u00e1ni \u00e9hs\u00e9g\u0171z\u0151k 1. Elvar\u00e1zsolt kotkoda Ft3490.00 Omlett 3 toj\u00e1sb\u00f3l, sonka, sajt, bacon, hagyma, mini buci (Allerg\u00e9nek: gabonaf\u00e9l\u00e9k, tejterm\u00e9k, toj\u00e1s) Levesek 16. H\u00edres Magyar Var\u00e1zsl\u00e9 Ft0.00 Guly\u00e1sleves marhah\u00fassal \u00e9s friss keny\u00e9rrel (Allerg\u00e9nek: gabonaf\u00e9l\u00e9k, toj\u00e1s, sz\u00f3jabab, zeller, csillagf\u00fcrt)\" \/>\n<meta property=\"og:url\" content=\"https:\/\/themagic.hu\/en\/etlap\/\" \/>\n<meta property=\"og:site_name\" content=\"Themagic\" \/>\n<meta property=\"article:modified_time\" content=\"2025-11-20T16:14:04+00:00\" \/>\n<meta property=\"og:image\" content=\"https:\/\/themagic.hu\/wp-content\/uploads\/2025\/11\/Elvarazsolt-kotkoda.jpg\" \/>\n<meta name=\"twitter:card\" content=\"summary_large_image\" \/>\n<meta name=\"twitter:label1\" content=\"Est. reading time\" \/>\n\t<meta name=\"twitter:data1\" content=\"4 minutes\" \/>\n<script type=\"application\/ld+json\" class=\"yoast-schema-graph\">{\"@context\":\"https:\/\/schema.org\",\"@graph\":[{\"@type\":\"WebPage\",\"@id\":\"https:\/\/themagic.hu\/etlap\/\",\"url\":\"https:\/\/themagic.hu\/etlap\/\",\"name\":\"\u00c9tlap - Themagic\",\"isPartOf\":{\"@id\":\"https:\/\/themagic.hu\/en\/#website\"},\"primaryImageOfPage\":{\"@id\":\"https:\/\/themagic.hu\/etlap\/#primaryimage\"},\"image\":{\"@id\":\"https:\/\/themagic.hu\/etlap\/#primaryimage\"},\"thumbnailUrl\":\"https:\/\/themagic.hu\/wp-content\/uploads\/2025\/11\/Elvarazsolt-kotkoda.jpg\",\"datePublished\":\"2025-11-15T12:20:29+00:00\",\"dateModified\":\"2025-11-20T16:14:04+00:00\",\"breadcrumb\":{\"@id\":\"https:\/\/themagic.hu\/etlap\/#breadcrumb\"},\"inLanguage\":\"en-GB\",\"potentialAction\":[{\"@type\":\"ReadAction\",\"target\":[\"https:\/\/themagic.hu\/etlap\/\"]}]},{\"@type\":\"ImageObject\",\"inLanguage\":\"en-GB\",\"@id\":\"https:\/\/themagic.hu\/etlap\/#primaryimage\",\"url\":\"https:\/\/themagic.hu\/wp-content\/uploads\/2025\/11\/Elvarazsolt-kotkoda.jpg\",\"contentUrl\":\"https:\/\/themagic.hu\/wp-content\/uploads\/2025\/11\/Elvarazsolt-kotkoda.jpg\"},{\"@type\":\"BreadcrumbList\",\"@id\":\"https:\/\/themagic.hu\/etlap\/#breadcrumb\",\"itemListElement\":[{\"@type\":\"ListItem\",\"position\":1,\"name\":\"Kezd\u0151lap\",\"item\":\"https:\/\/themagic.hu\/\"},{\"@type\":\"ListItem\",\"position\":2,\"name\":\"\u00c9tlap\"}]},{\"@type\":\"WebSite\",\"@id\":\"https:\/\/themagic.hu\/en\/#website\",\"url\":\"https:\/\/themagic.hu\/en\/\",\"name\":\"Themagic\",\"description\":\"\",\"publisher\":{\"@id\":\"https:\/\/themagic.hu\/en\/#organization\"},\"potentialAction\":[{\"@type\":\"SearchAction\",\"target\":{\"@type\":\"EntryPoint\",\"urlTemplate\":\"https:\/\/themagic.hu\/en\/?s={search_term_string}\"},\"query-input\":{\"@type\":\"PropertyValueSpecification\",\"valueRequired\":true,\"valueName\":\"search_term_string\"}}],\"inLanguage\":\"en-GB\"},{\"@type\":\"Organization\",\"@id\":\"https:\/\/themagic.hu\/en\/#organization\",\"name\":\"Themagic\",\"url\":\"https:\/\/themagic.hu\/en\/\",\"logo\":{\"@type\":\"ImageObject\",\"inLanguage\":\"en-GB\",\"@id\":\"https:\/\/themagic.hu\/en\/#\/schema\/logo\/image\/\",\"url\":\"https:\/\/themagic.hu\/wp-content\/uploads\/2025\/12\/cropped-themagic_600x60.png\",\"contentUrl\":\"https:\/\/themagic.hu\/wp-content\/uploads\/2025\/12\/cropped-themagic_600x60.png\",\"width\":600,\"height\":60,\"caption\":\"Themagic\"},\"image\":{\"@id\":\"https:\/\/themagic.hu\/en\/#\/schema\/logo\/image\/\"}}]}<\/script>\n<!-- \/ Yoast SEO plugin. -->","yoast_head_json":{"title":"Menu - Themagic","robots":{"index":"index","follow":"follow","max-snippet":"max-snippet:-1","max-image-preview":"max-image-preview:large","max-video-preview":"max-video-preview:-1"},"canonical":"https:\/\/themagic.hu\/en\/etlap\/","og_locale":"en_GB","og_type":"article","og_title":"\u00c9tlap - Themagic","og_description":"\u00c9tlap \u00c9bred\u00e9s ut\u00e1ni \u00e9hs\u00e9g\u0171z\u0151k 1. Elvar\u00e1zsolt kotkoda Ft3490.00 Omlett 3 toj\u00e1sb\u00f3l, sonka, sajt, bacon, hagyma, mini buci (Allerg\u00e9nek: gabonaf\u00e9l\u00e9k, tejterm\u00e9k, toj\u00e1s) Levesek 16. H\u00edres Magyar Var\u00e1zsl\u00e9 Ft0.00 Guly\u00e1sleves marhah\u00fassal \u00e9s friss keny\u00e9rrel (Allerg\u00e9nek: gabonaf\u00e9l\u00e9k, toj\u00e1s, sz\u00f3jabab, zeller, csillagf\u00fcrt)","og_url":"https:\/\/themagic.hu\/en\/etlap\/","og_site_name":"Themagic","article_modified_time":"2025-11-20T16:14:04+00:00","og_image":[{"url":"https:\/\/themagic.hu\/wp-content\/uploads\/2025\/11\/Elvarazsolt-kotkoda.jpg","type":"","width":"","height":""}],"twitter_card":"summary_large_image","twitter_misc":{"Est. reading time":"4 minutes"},"schema":{"@context":"https:\/\/schema.org","@graph":[{"@type":"WebPage","@id":"https:\/\/themagic.hu\/etlap\/","url":"https:\/\/themagic.hu\/etlap\/","name":"Menu - Themagic","isPartOf":{"@id":"https:\/\/themagic.hu\/en\/#website"},"primaryImageOfPage":{"@id":"https:\/\/themagic.hu\/etlap\/#primaryimage"},"image":{"@id":"https:\/\/themagic.hu\/etlap\/#primaryimage"},"thumbnailUrl":"https:\/\/themagic.hu\/wp-content\/uploads\/2025\/11\/Elvarazsolt-kotkoda.jpg","datePublished":"2025-11-15T12:20:29+00:00","dateModified":"2025-11-20T16:14:04+00:00","breadcrumb":{"@id":"https:\/\/themagic.hu\/etlap\/#breadcrumb"},"inLanguage":"en-GB","potentialAction":[{"@type":"ReadAction","target":["https:\/\/themagic.hu\/etlap\/"]}]},{"@type":"ImageObject","inLanguage":"en-GB","@id":"https:\/\/themagic.hu\/etlap\/#primaryimage","url":"https:\/\/themagic.hu\/wp-content\/uploads\/2025\/11\/Elvarazsolt-kotkoda.jpg","contentUrl":"https:\/\/themagic.hu\/wp-content\/uploads\/2025\/11\/Elvarazsolt-kotkoda.jpg"},{"@type":"BreadcrumbList","@id":"https:\/\/themagic.hu\/etlap\/#breadcrumb","itemListElement":[{"@type":"ListItem","position":1,"name":"Kezd\u0151lap","item":"https:\/\/themagic.hu\/"},{"@type":"ListItem","position":2,"name":"\u00c9tlap"}]},{"@type":"WebSite","@id":"https:\/\/themagic.hu\/en\/#website","url":"https:\/\/themagic.hu\/en\/","name":"Themagic","description":"","publisher":{"@id":"https:\/\/themagic.hu\/en\/#organization"},"potentialAction":[{"@type":"SearchAction","target":{"@type":"EntryPoint","urlTemplate":"https:\/\/themagic.hu\/en\/?s={search_term_string}"},"query-input":{"@type":"PropertyValueSpecification","valueRequired":true,"valueName":"search_term_string"}}],"inLanguage":"en-GB"},{"@type":"Organization","@id":"https:\/\/themagic.hu\/en\/#organization","name":"Themagic","url":"https:\/\/themagic.hu\/en\/","logo":{"@type":"ImageObject","inLanguage":"en-GB","@id":"https:\/\/themagic.hu\/en\/#\/schema\/logo\/image\/","url":"https:\/\/themagic.hu\/wp-content\/uploads\/2025\/12\/cropped-themagic_600x60.png","contentUrl":"https:\/\/themagic.hu\/wp-content\/uploads\/2025\/12\/cropped-themagic_600x60.png","width":600,"height":60,"caption":"Themagic"},"image":{"@id":"https:\/\/themagic.hu\/en\/#\/schema\/logo\/image\/"}}]}},"_links":{"self":[{"href":"https:\/\/themagic.hu\/en\/wp-json\/wp\/v2\/pages\/942","targetHints":{"allow":["GET"]}}],"collection":[{"href":"https:\/\/themagic.hu\/en\/wp-json\/wp\/v2\/pages"}],"about":[{"href":"https:\/\/themagic.hu\/en\/wp-json\/wp\/v2\/types\/page"}],"author":[{"embeddable":true,"href":"https:\/\/themagic.hu\/en\/wp-json\/wp\/v2\/users\/1"}],"replies":[{"embeddable":true,"href":"https:\/\/themagic.hu\/en\/wp-json\/wp\/v2\/comments?post=942"}],"version-history":[{"count":32,"href":"https:\/\/themagic.hu\/en\/wp-json\/wp\/v2\/pages\/942\/revisions"}],"predecessor-version":[{"id":1197,"href":"https:\/\/themagic.hu\/en\/wp-json\/wp\/v2\/pages\/942\/revisions\/1197"}],"wp:attachment":[{"href":"https:\/\/themagic.hu\/en\/wp-json\/wp\/v2\/media?parent=942"}],"curies":[{"name":"wp","href":"https:\/\/api.w.org\/{rel}","templated":true}]}}