{"id":3164,"date":"2026-03-11T19:17:16","date_gmt":"2026-03-11T19:17:16","guid":{"rendered":"https:\/\/themagic.hu\/?page_id=3164"},"modified":"2026-03-11T19:22:53","modified_gmt":"2026-03-11T19:22:53","slug":"koszonjuk","status":"publish","type":"page","link":"https:\/\/themagic.hu\/en\/koszonjuk\/","title":{"rendered":"Thank you"},"content":{"rendered":"\t\t<div data-elementor-type=\"wp-page\" data-elementor-id=\"3164\" class=\"elementor elementor-3164\">\n\t\t\t\t<div class=\"elementor-element elementor-element-604acf7 e-flex e-con-boxed e-con e-parent\" data-id=\"604acf7\" data-element_type=\"container\" data-e-type=\"container\" data-settings=\"{&quot;background_background&quot;:&quot;classic&quot;}\">\n\t\t\t\t\t<div class=\"e-con-inner\">\n\t\t\t\t<div class=\"elementor-element elementor-element-72569b5 elementor-widget elementor-widget-heading\" data-id=\"72569b5\" data-element_type=\"widget\" data-e-type=\"widget\" data-widget_type=\"heading.default\">\n\t\t\t\t<div class=\"elementor-widget-container\">\n\t\t\t\t\t<h2 class=\"elementor-heading-title elementor-size-default\">K\u00f6sz\u00f6nj\u00fck megrendel\u00e9s\u00e9t<\/h2>\t\t\t\t<\/div>\n\t\t\t\t<\/div>\n\t\t\t\t\t<\/div>\n\t\t\t\t<\/div>\n\t\t<div class=\"elementor-element elementor-element-4913d06 e-flex e-con-boxed e-con e-parent\" data-id=\"4913d06\" data-element_type=\"container\" data-e-type=\"container\" data-settings=\"{&quot;background_background&quot;:&quot;classic&quot;}\">\n\t\t\t\t\t<div class=\"e-con-inner\">\n\t\t<div class=\"elementor-element elementor-element-092a0ff e-con-full e-flex e-con e-child\" data-id=\"092a0ff\" data-element_type=\"container\" data-e-type=\"container\">\n\t\t\t\t<div class=\"elementor-element elementor-element-10e127a elementor-widget elementor-widget-hfe-infocard\" data-id=\"10e127a\" data-element_type=\"widget\" data-e-type=\"widget\" data-widget_type=\"hfe-infocard.default\">\n\t\t\t\t<div class=\"elementor-widget-container\">\n\t\t\t\t\t\n\t\t<div class=\"hfe-infocard\">\n\t\t\t\t\t\t\t\t\t<div class=\"hfe-infocard-title-wrap\">\n\t\t\t\t<h3 class=\"hfe-infocard-title elementor-inline-editing\" data-elementor-setting-key=\"infocard_title\" data-elementor-inline-editing-toolbar=\"basic\" >Vedd fel a kapcsolatot<\/h3>\t\t\t<\/div>\n\t\t\t\t\t\t<div class=\"hfe-infocard-text-wrap\">\n\t\t\t\t<div class=\"hfe-infocard-text elementor-inline-editing\" data-elementor-setting-key=\"infocard_description\" data-elementor-inline-editing-toolbar=\"advanced\">\n\t\t\t\t\t\n\t\t\t\t<\/div>\n\t\t\t\t\t\t\t<div class=\"hfe-infocard-cta-link-style\">\n\t\t\t\t<a href=\"#\" class=\"hfe-infocard-cta-link\"> \t\t\t\t\t<span class=\"elementor-inline-editing\" data-elementor-setting-key=\"infocard_link_text\" data-elementor-inline-editing-toolbar=\"basic\">Marketing c\u00e9l\u00fa megkeres\u00e9sek<\/span>\n\t\t\t\t<\/a>\n\t\t\t<\/div>\n\t\t\t\t\t\t<\/div>\n\t\t<\/div>\n\n\t\t\t\t\t\t<\/div>\n\t\t\t\t<\/div>\n\t\t\t\t<\/div>\n\t\t<div class=\"elementor-element elementor-element-32ea528 e-con-full e-flex e-con e-child\" data-id=\"32ea528\" data-element_type=\"container\" data-e-type=\"container\">\n\t\t\t\t<div class=\"elementor-element elementor-element-15922e0 elementor-widget elementor-widget-wpforms\" data-id=\"15922e0\" data-element_type=\"widget\" data-e-type=\"widget\" data-widget_type=\"wpforms.default\">\n\t\t\t\t<div class=\"elementor-widget-container\">\n\t\t\t\t\t<div class=\"wpforms-container \" id=\"wpforms-863\"><form id=\"wpforms-form-863\" class=\"wpforms-validate wpforms-form\" data-formid=\"863\" method=\"post\" enctype=\"multipart\/form-data\" action=\"\/en\/wp-json\/wp\/v2\/pages\/3164\" data-token=\"8080f1f50b50cd05a59fc1ade8f3736d\" data-token-time=\"1777565882\"><noscript class=\"wpforms-error-noscript\">Please enable JavaScript in your browser to complete this form.<\/noscript><div class=\"wpforms-field-container\"><div id=\"wpforms-863-field_0-container\" class=\"wpforms-field wpforms-field-name\" data-field-id=\"0\"><label class=\"wpforms-field-label\" for=\"wpforms-863-field_0\">Neve <span class=\"wpforms-required-label\">*<\/span><\/label><input type=\"text\" id=\"wpforms-863-field_0\" class=\"wpforms-field-large wpforms-field-required\" name=\"wpforms[fields][0]\" required><\/div><div id=\"wpforms-863-field_1-container\" class=\"wpforms-field wpforms-field-email\" data-field-id=\"1\"><label class=\"wpforms-field-label\" for=\"wpforms-863-field_1\">E-mail <span class=\"wpforms-required-label\">*<\/span><\/label><input type=\"email\" id=\"wpforms-863-field_1\" class=\"wpforms-field-large wpforms-field-required\" name=\"wpforms[fields][1]\" spellcheck=\"false\" required><\/div><div id=\"wpforms-863-field_3-container\" class=\"wpforms-field wpforms-field-number\" data-field-id=\"3\"><label class=\"wpforms-field-label\" for=\"wpforms-863-field_3\">Telefonsz\u00e1m<\/label><input type=\"number\" id=\"wpforms-863-field_3\" class=\"wpforms-field-large\" name=\"wpforms[fields][3]\" step=\"any\" ><\/div><div id=\"wpforms-863-field_2-container\" class=\"wpforms-field wpforms-field-textarea\" data-field-id=\"2\"><label class=\"wpforms-field-label\" for=\"wpforms-863-field_2\">\u00dczenet <span class=\"wpforms-required-label\">*<\/span><\/label><textarea id=\"wpforms-863-field_2\" class=\"wpforms-field-medium wpforms-field-required\" name=\"wpforms[fields][2]\" required><\/textarea><\/div><\/div><!-- .wpforms-field-container --><div class=\"wpforms-submit-container\" ><input type=\"hidden\" name=\"wpforms[id]\" value=\"863\"><input type=\"hidden\" name=\"page_title\" value=\"\"><input type=\"hidden\" name=\"page_url\" value=\"https:\/\/themagic.hu\/en\/wp-json\/wp\/v2\/pages\/3164\"><input type=\"hidden\" name=\"url_referer\" value=\"\"><button type=\"submit\" name=\"wpforms[submit]\" id=\"wpforms-submit-863\" class=\"wpforms-submit\" data-alt-text=\"K\u00fcld\u00e9s folyamatban...\" data-submit-text=\"K\u00fcld\u00e9s\" aria-live=\"assertive\" value=\"wpforms-submit\">K\u00fcld\u00e9s<\/button><\/div><\/form><\/div>  <!-- .wpforms-container -->\t\t\t\t<\/div>\n\t\t\t\t<\/div>\n\t\t\t\t<\/div>\n\t\t\t\t\t<\/div>\n\t\t\t\t<\/div>\n\t\t\t\t<\/div>\n\t\t","protected":false},"excerpt":{"rendered":"<p>Thank you for your order. Contact us Marketing inquiries Please enable JavaScript in your browser to complete this form.Name *Email *Phone numberMessage * Send<\/p>","protected":false},"author":1,"featured_media":0,"parent":0,"menu_order":0,"comment_status":"closed","ping_status":"closed","template":"","meta":{"site-sidebar-layout":"no-sidebar","site-content-layout":"page-builder","ast-site-content-layout":"full-width-container","site-content-style":"unboxed","site-sidebar-style":"unboxed","ast-global-header-display":"","ast-banner-title-visibility":"","ast-main-header-display":"","ast-hfb-above-header-display":"","ast-hfb-below-header-display":"","ast-hfb-mobile-header-display":"","site-post-title":"disabled","ast-breadcrumbs-content":"disabled","ast-featured-img":"disabled","footer-sml-layout":"","ast-disable-related-posts":"","theme-transparent-header-meta":"enabled","adv-header-id-meta":"","stick-header-meta":"","header-above-stick-meta":"","header-main-stick-meta":"","header-below-stick-meta":"","astra-migrate-meta-layouts":"set","ast-page-background-enabled":"default","ast-page-background-meta":{"desktop":{"background-color":"","background-image":"","background-repeat":"repeat","background-position":"center center","background-size":"auto","background-attachment":"scroll","background-type":"","background-media":"","overlay-type":"","overlay-color":"","overlay-opacity":"","overlay-gradient":""},"tablet":{"background-color":"","background-image":"","background-repeat":"repeat","background-position":"center center","background-size":"auto","background-attachment":"scroll","background-type":"","background-media":"","overlay-type":"","overlay-color":"","overlay-opacity":"","overlay-gradient":""},"mobile":{"background-color":"","background-image":"","background-repeat":"repeat","background-position":"center center","background-size":"auto","background-attachment":"scroll","background-type":"","background-media":"","overlay-type":"","overlay-color":"","overlay-opacity":"","overlay-gradient":""}},"ast-content-background-meta":{"desktop":{"background-color":"var(--ast-global-color-5)","background-image":"","background-repeat":"repeat","background-position":"center center","background-size":"auto","background-attachment":"scroll","background-type":"","background-media":"","overlay-type":"","overlay-color":"","overlay-opacity":"","overlay-gradient":""},"tablet":{"background-color":"var(--ast-global-color-5)","background-image":"","background-repeat":"repeat","background-position":"center center","background-size":"auto","background-attachment":"scroll","background-type":"","background-media":"","overlay-type":"","overlay-color":"","overlay-opacity":"","overlay-gradient":""},"mobile":{"background-color":"var(--ast-global-color-5)","background-image":"","background-repeat":"repeat","background-position":"center center","background-size":"auto","background-attachment":"scroll","background-type":"","background-media":"","overlay-type":"","overlay-color":"","overlay-opacity":"","overlay-gradient":""}},"footnotes":""},"class_list":["post-3164","page","type-page","status-publish","hentry"],"yoast_head":"<!-- This site is optimized with the Yoast SEO plugin v27.2 - https:\/\/yoast.com\/product\/yoast-seo-wordpress\/ -->\n<title>K\u00f6sz\u00f6nj\u00fck - Themagic<\/title>\n<meta name=\"robots\" content=\"index, follow, max-snippet:-1, max-image-preview:large, max-video-preview:-1\" \/>\n<link rel=\"canonical\" href=\"https:\/\/themagic.hu\/en\/koszonjuk\/\" \/>\n<meta property=\"og:locale\" content=\"en_GB\" \/>\n<meta property=\"og:type\" content=\"article\" \/>\n<meta property=\"og:title\" content=\"K\u00f6sz\u00f6nj\u00fck - Themagic\" \/>\n<meta property=\"og:description\" content=\"K\u00f6sz\u00f6nj\u00fck megrendel\u00e9s\u00e9t Vedd fel a kapcsolatot Marketing c\u00e9l\u00fa megkeres\u00e9sek Please enable JavaScript in your browser to complete this form.Neve *E-mail *Telefonsz\u00e1m\u00dczenet * K\u00fcld\u00e9s\" \/>\n<meta property=\"og:url\" content=\"https:\/\/themagic.hu\/en\/koszonjuk\/\" \/>\n<meta property=\"og:site_name\" content=\"Themagic\" \/>\n<meta property=\"article:modified_time\" content=\"2026-03-11T19:22:53+00:00\" \/>\n<meta name=\"twitter:card\" content=\"summary_large_image\" \/>\n<meta name=\"twitter:label1\" content=\"Est. reading time\" \/>\n\t<meta name=\"twitter:data1\" content=\"1 minute\" \/>\n<script type=\"application\/ld+json\" class=\"yoast-schema-graph\">{\"@context\":\"https:\/\/schema.org\",\"@graph\":[{\"@type\":\"WebPage\",\"@id\":\"https:\/\/themagic.hu\/koszonjuk\/\",\"url\":\"https:\/\/themagic.hu\/koszonjuk\/\",\"name\":\"K\u00f6sz\u00f6nj\u00fck - Themagic\",\"isPartOf\":{\"@id\":\"https:\/\/themagic.hu\/en\/#website\"},\"datePublished\":\"2026-03-11T19:17:16+00:00\",\"dateModified\":\"2026-03-11T19:22:53+00:00\",\"breadcrumb\":{\"@id\":\"https:\/\/themagic.hu\/koszonjuk\/#breadcrumb\"},\"inLanguage\":\"en-GB\",\"potentialAction\":[{\"@type\":\"ReadAction\",\"target\":[\"https:\/\/themagic.hu\/koszonjuk\/\"]}]},{\"@type\":\"BreadcrumbList\",\"@id\":\"https:\/\/themagic.hu\/koszonjuk\/#breadcrumb\",\"itemListElement\":[{\"@type\":\"ListItem\",\"position\":1,\"name\":\"Kezd\u0151lap\",\"item\":\"https:\/\/themagic.hu\/\"},{\"@type\":\"ListItem\",\"position\":2,\"name\":\"K\u00f6sz\u00f6nj\u00fck\"}]},{\"@type\":\"WebSite\",\"@id\":\"https:\/\/themagic.hu\/en\/#website\",\"url\":\"https:\/\/themagic.hu\/en\/\",\"name\":\"Themagic\",\"description\":\"\",\"publisher\":{\"@id\":\"https:\/\/themagic.hu\/en\/#organization\"},\"potentialAction\":[{\"@type\":\"SearchAction\",\"target\":{\"@type\":\"EntryPoint\",\"urlTemplate\":\"https:\/\/themagic.hu\/en\/?s={search_term_string}\"},\"query-input\":{\"@type\":\"PropertyValueSpecification\",\"valueRequired\":true,\"valueName\":\"search_term_string\"}}],\"inLanguage\":\"en-GB\"},{\"@type\":\"Organization\",\"@id\":\"https:\/\/themagic.hu\/en\/#organization\",\"name\":\"Themagic\",\"url\":\"https:\/\/themagic.hu\/en\/\",\"logo\":{\"@type\":\"ImageObject\",\"inLanguage\":\"en-GB\",\"@id\":\"https:\/\/themagic.hu\/en\/#\/schema\/logo\/image\/\",\"url\":\"https:\/\/themagic.hu\/wp-content\/uploads\/2025\/12\/cropped-themagic_600x60.png\",\"contentUrl\":\"https:\/\/themagic.hu\/wp-content\/uploads\/2025\/12\/cropped-themagic_600x60.png\",\"width\":600,\"height\":60,\"caption\":\"Themagic\"},\"image\":{\"@id\":\"https:\/\/themagic.hu\/en\/#\/schema\/logo\/image\/\"}}]}<\/script>\n<!-- \/ Yoast SEO plugin. -->","yoast_head_json":{"title":"Thank you - Themagic","robots":{"index":"index","follow":"follow","max-snippet":"max-snippet:-1","max-image-preview":"max-image-preview:large","max-video-preview":"max-video-preview:-1"},"canonical":"https:\/\/themagic.hu\/en\/koszonjuk\/","og_locale":"en_GB","og_type":"article","og_title":"K\u00f6sz\u00f6nj\u00fck - Themagic","og_description":"K\u00f6sz\u00f6nj\u00fck megrendel\u00e9s\u00e9t Vedd fel a kapcsolatot Marketing c\u00e9l\u00fa megkeres\u00e9sek Please enable JavaScript in your browser to complete this form.Neve *E-mail *Telefonsz\u00e1m\u00dczenet * K\u00fcld\u00e9s","og_url":"https:\/\/themagic.hu\/en\/koszonjuk\/","og_site_name":"Themagic","article_modified_time":"2026-03-11T19:22:53+00:00","twitter_card":"summary_large_image","twitter_misc":{"Est. reading time":"1 minute"},"schema":{"@context":"https:\/\/schema.org","@graph":[{"@type":"WebPage","@id":"https:\/\/themagic.hu\/koszonjuk\/","url":"https:\/\/themagic.hu\/koszonjuk\/","name":"Thank you - Themagic","isPartOf":{"@id":"https:\/\/themagic.hu\/en\/#website"},"datePublished":"2026-03-11T19:17:16+00:00","dateModified":"2026-03-11T19:22:53+00:00","breadcrumb":{"@id":"https:\/\/themagic.hu\/koszonjuk\/#breadcrumb"},"inLanguage":"en-GB","potentialAction":[{"@type":"ReadAction","target":["https:\/\/themagic.hu\/koszonjuk\/"]}]},{"@type":"BreadcrumbList","@id":"https:\/\/themagic.hu\/koszonjuk\/#breadcrumb","itemListElement":[{"@type":"ListItem","position":1,"name":"Kezd\u0151lap","item":"https:\/\/themagic.hu\/"},{"@type":"ListItem","position":2,"name":"K\u00f6sz\u00f6nj\u00fck"}]},{"@type":"WebSite","@id":"https:\/\/themagic.hu\/en\/#website","url":"https:\/\/themagic.hu\/en\/","name":"Themagic","description":"","publisher":{"@id":"https:\/\/themagic.hu\/en\/#organization"},"potentialAction":[{"@type":"SearchAction","target":{"@type":"EntryPoint","urlTemplate":"https:\/\/themagic.hu\/en\/?s={search_term_string}"},"query-input":{"@type":"PropertyValueSpecification","valueRequired":true,"valueName":"search_term_string"}}],"inLanguage":"en-GB"},{"@type":"Organization","@id":"https:\/\/themagic.hu\/en\/#organization","name":"Themagic","url":"https:\/\/themagic.hu\/en\/","logo":{"@type":"ImageObject","inLanguage":"en-GB","@id":"https:\/\/themagic.hu\/en\/#\/schema\/logo\/image\/","url":"https:\/\/themagic.hu\/wp-content\/uploads\/2025\/12\/cropped-themagic_600x60.png","contentUrl":"https:\/\/themagic.hu\/wp-content\/uploads\/2025\/12\/cropped-themagic_600x60.png","width":600,"height":60,"caption":"Themagic"},"image":{"@id":"https:\/\/themagic.hu\/en\/#\/schema\/logo\/image\/"}}]}},"_links":{"self":[{"href":"https:\/\/themagic.hu\/en\/wp-json\/wp\/v2\/pages\/3164","targetHints":{"allow":["GET"]}}],"collection":[{"href":"https:\/\/themagic.hu\/en\/wp-json\/wp\/v2\/pages"}],"about":[{"href":"https:\/\/themagic.hu\/en\/wp-json\/wp\/v2\/types\/page"}],"author":[{"embeddable":true,"href":"https:\/\/themagic.hu\/en\/wp-json\/wp\/v2\/users\/1"}],"replies":[{"embeddable":true,"href":"https:\/\/themagic.hu\/en\/wp-json\/wp\/v2\/comments?post=3164"}],"version-history":[{"count":7,"href":"https:\/\/themagic.hu\/en\/wp-json\/wp\/v2\/pages\/3164\/revisions"}],"predecessor-version":[{"id":3171,"href":"https:\/\/themagic.hu\/en\/wp-json\/wp\/v2\/pages\/3164\/revisions\/3171"}],"wp:attachment":[{"href":"https:\/\/themagic.hu\/en\/wp-json\/wp\/v2\/media?parent=3164"}],"curies":[{"name":"wp","href":"https:\/\/api.w.org\/{rel}","templated":true}]}}